{"id":7595,"date":"2022-10-14T12:25:56","date_gmt":"2022-10-14T10:25:56","guid":{"rendered":"https:\/\/pruebas.ialeschool.com\/?page_id=7595"},"modified":"2022-10-24T17:18:25","modified_gmt":"2022-10-24T15:18:25","slug":"amplio-horario","status":"publish","type":"page","link":"https:\/\/pruebas.ialeschool.com\/en\/amplio-horario\/","title":{"rendered":"Extended hours"},"content":{"rendered":"\t\t<div data-elementor-type=\"wp-page\" data-elementor-id=\"7595\" class=\"elementor elementor-7595 elementor-5419\" data-elementor-post-type=\"page\">\n\t\t\t\t\t\t<section class=\"elementor-section elementor-top-section elementor-element elementor-element-97118ef elementor-section-height-min-height elementor-section-boxed elementor-section-height-default elementor-section-items-middle\" data-id=\"97118ef\" data-element_type=\"section\" data-settings=\"{&quot;background_background&quot;:&quot;classic&quot;}\">\n\t\t\t\t\t\t\t<div class=\"elementor-background-overlay\"><\/div>\n\t\t\t\t\t\t\t<div class=\"elementor-container elementor-column-gap-default\">\n\t\t\t\t\t<div class=\"elementor-column elementor-col-100 elementor-top-column elementor-element elementor-element-3c70829\" data-id=\"3c70829\" data-element_type=\"column\">\n\t\t\t<div class=\"elementor-widget-wrap elementor-element-populated\">\n\t\t\t\t\t\t<div class=\"elementor-element elementor-element-7a965ba elementor-widget elementor-widget-heading\" data-id=\"7a965ba\" data-element_type=\"widget\" data-widget_type=\"heading.default\">\n\t\t\t\t<div class=\"elementor-widget-container\">\n\t\t\t\t\t<h2 class=\"elementor-heading-title elementor-size-large\">FREE EXTENDED<br>HOURS<\/h2>\t\t\t\t<\/div>\n\t\t\t\t<\/div>\n\t\t\t\t\t<\/div>\n\t\t<\/div>\n\t\t\t\t\t<\/div>\n\t\t<\/section>\n\t\t\t\t<section class=\"elementor-section elementor-top-section elementor-element elementor-element-2b0ecd4 elementor-section-boxed elementor-section-height-default elementor-section-height-default\" data-id=\"2b0ecd4\" data-element_type=\"section\">\n\t\t\t\t\t\t<div class=\"elementor-container elementor-column-gap-default\">\n\t\t\t\t\t<div class=\"elementor-column elementor-col-100 elementor-top-column elementor-element elementor-element-fd0c49a\" data-id=\"fd0c49a\" data-element_type=\"column\">\n\t\t\t<div class=\"elementor-widget-wrap elementor-element-populated\">\n\t\t\t\t\t\t<section class=\"elementor-section elementor-inner-section elementor-element elementor-element-506e9be elementor-section-boxed elementor-section-height-default elementor-section-height-default\" data-id=\"506e9be\" data-element_type=\"section\" data-settings=\"{&quot;motion_fx_motion_fx_scrolling&quot;:&quot;yes&quot;,&quot;motion_fx_translateY_effect&quot;:&quot;yes&quot;,&quot;motion_fx_translateY_speed&quot;:{&quot;unit&quot;:&quot;px&quot;,&quot;size&quot;:0,&quot;sizes&quot;:[]},&quot;motion_fx_translateY_affectedRange&quot;:{&quot;unit&quot;:&quot;%&quot;,&quot;size&quot;:&quot;&quot;,&quot;sizes&quot;:{&quot;start&quot;:&quot;0&quot;,&quot;end&quot;:&quot;50&quot;}},&quot;motion_fx_opacity_effect&quot;:&quot;yes&quot;,&quot;motion_fx_opacity_range&quot;:{&quot;unit&quot;:&quot;%&quot;,&quot;size&quot;:&quot;&quot;,&quot;sizes&quot;:{&quot;start&quot;:&quot;0&quot;,&quot;end&quot;:&quot;50&quot;}},&quot;motion_fx_devices&quot;:[&quot;desktop&quot;,&quot;tablet&quot;],&quot;motion_fx_opacity_level&quot;:{&quot;unit&quot;:&quot;px&quot;,&quot;size&quot;:1,&quot;sizes&quot;:[]},&quot;motion_fx_opacity_direction&quot;:&quot;out-in&quot;}\">\n\t\t\t\t\t\t<div class=\"elementor-container elementor-column-gap-default\">\n\t\t\t\t\t<div class=\"elementor-column elementor-col-50 elementor-inner-column elementor-element elementor-element-1ec8662\" data-id=\"1ec8662\" data-element_type=\"column\" data-settings=\"{&quot;background_background&quot;:&quot;classic&quot;}\">\n\t\t\t<div class=\"elementor-widget-wrap elementor-element-populated\">\n\t\t\t\t\t\t<div class=\"elementor-element elementor-element-92c14bb elementor-position-top elementor-widget elementor-widget-image-box\" data-id=\"92c14bb\" data-element_type=\"widget\" data-widget_type=\"image-box.default\">\n\t\t\t\t<div class=\"elementor-widget-container\">\n\t\t\t\t\t<div class=\"elementor-image-box-wrapper\"><figure class=\"elementor-image-box-img\"><img decoding=\"async\" src=\"https:\/\/pruebas.ialeschool.com\/wp-content\/uploads\/elementor\/thumbs\/reloj-pv6lj2u6w21gyjxyns8c7orj627kkkgkh1ogo42b88.png\" title=\"reloj\" alt=\"reloj\" loading=\"lazy\" \/><\/figure><div class=\"elementor-image-box-content\"><h3 class=\"elementor-image-box-title\">Amplio horario Gratuito<\/h3><p class=\"elementor-image-box-description\">Ofrecemos un horario ampliado gratuito (alumnos infantil y primaria), por la ma\u00f1ana y por la tarde para que aquellas familias que lo necesiten. Los alumnos son atendidos por profesores y auxiliares del colegio, dependiendo de sus edades.\n<br><br> De lunes a jueves de 8:00 a 18:00.\n<br> Viernes de 8:00 a 9:00.<\/p><\/div><\/div>\t\t\t\t<\/div>\n\t\t\t\t<\/div>\n\t\t\t\t\t<\/div>\n\t\t<\/div>\n\t\t\t\t<div class=\"elementor-column elementor-col-50 elementor-inner-column elementor-element elementor-element-b40d047\" data-id=\"b40d047\" data-element_type=\"column\" data-settings=\"{&quot;background_background&quot;:&quot;classic&quot;}\">\n\t\t\t<div class=\"elementor-widget-wrap elementor-element-populated\">\n\t\t\t\t\t\t<div class=\"elementor-element elementor-element-2df2e21 elementor-position-top elementor-widget elementor-widget-image-box\" data-id=\"2df2e21\" data-element_type=\"widget\" data-widget_type=\"image-box.default\">\n\t\t\t\t<div class=\"elementor-widget-container\">\n\t\t\t\t\t<div class=\"elementor-image-box-wrapper\"><figure class=\"elementor-image-box-img\"><img decoding=\"async\" src=\"https:\/\/pruebas.ialeschool.com\/wp-content\/uploads\/elementor\/thumbs\/calendario-1-pv6l8shs3byhw6vwqc5bxa7x48wybtmbq4n5l3bfbs.png\" title=\"calendario (1)\" alt=\"calendario (1)\" loading=\"lazy\" \/><\/figure><div class=\"elementor-image-box-content\"><h3 class=\"elementor-image-box-title\">D\u00edas especiales<\/h3><p class=\"elementor-image-box-description\">Durante las vacaciones escolares tambi\u00e9n permanecemos abiertos siempre que haya un n\u00famero m\u00ednimo de familias interesadas, excepto d\u00edas de fiesta nacional o de la Comunidad y el mes de agosto.\n<br><br>En estos d\u00edas los alumnos realizan actividades relacionadas con la \u00e9poca del a\u00f1o, juegos, cine, cocina sin fuego, deportes, etc.<\/p><\/div><\/div>\t\t\t\t<\/div>\n\t\t\t\t<\/div>\n\t\t\t\t\t<\/div>\n\t\t<\/div>\n\t\t\t\t\t<\/div>\n\t\t<\/section>\n\t\t\t\t\t<\/div>\n\t\t<\/div>\n\t\t\t\t\t<\/div>\n\t\t<\/section>\n\t\t\t\t<section class=\"elementor-section elementor-top-section elementor-element elementor-element-6d8722a elementor-section-content-middle elementor-section-boxed elementor-section-height-default elementor-section-height-default\" data-id=\"6d8722a\" data-element_type=\"section\" data-settings=\"{&quot;background_background&quot;:&quot;classic&quot;}\">\n\t\t\t\t\t\t<div class=\"elementor-container elementor-column-gap-default\">\n\t\t\t\t\t<div class=\"elementor-column elementor-col-50 elementor-top-column elementor-element elementor-element-3bfd802\" data-id=\"3bfd802\" data-element_type=\"column\">\n\t\t\t<div class=\"elementor-widget-wrap elementor-element-populated\">\n\t\t\t\t\t\t<div class=\"elementor-element elementor-element-a49745e elementor-widget elementor-widget-heading\" data-id=\"a49745e\" data-element_type=\"widget\" data-widget_type=\"heading.default\">\n\t\t\t\t<div class=\"elementor-widget-container\">\n\t\t\t\t\t<h3 class=\"elementor-heading-title elementor-size-default\">Personas \u00edntegras, responsables y felices, preparadas para desarrollarse en cualquier lugar del mundo.<\/h3>\t\t\t\t<\/div>\n\t\t\t\t<\/div>\n\t\t\t\t\t<\/div>\n\t\t<\/div>\n\t\t\t\t<div class=\"elementor-column elementor-col-50 elementor-top-column elementor-element elementor-element-43fa31b\" data-id=\"43fa31b\" data-element_type=\"column\">\n\t\t\t<div class=\"elementor-widget-wrap elementor-element-populated\">\n\t\t\t\t\t\t<div class=\"elementor-element elementor-element-c838144 elementor-align-right elementor-mobile-align-center elementor-widget elementor-widget-button\" data-id=\"c838144\" data-element_type=\"widget\" data-widget_type=\"button.default\">\n\t\t\t\t<div class=\"elementor-widget-container\">\n\t\t\t\t\t\t\t\t\t<div class=\"elementor-button-wrapper\">\n\t\t\t\t\t<a class=\"elementor-button elementor-button-link elementor-size-md\" href=\"https:\/\/pruebas.ialeschool.com\/#form\">\n\t\t\t\t\t\t<span class=\"elementor-button-content-wrapper\">\n\t\t\t\t\t\t<span class=\"elementor-button-icon\">\n\t\t\t\t<i aria-hidden=\"true\" class=\"fas fa-angle-double-right\"><\/i>\t\t\t<\/span>\n\t\t\t\t\t\t\t\t\t<span class=\"elementor-button-text\">Ven a visitarnos<\/span>\n\t\t\t\t\t<\/span>\n\t\t\t\t\t<\/a>\n\t\t\t\t<\/div>\n\t\t\t\t\t\t\t\t<\/div>\n\t\t\t\t<\/div>\n\t\t\t\t\t<\/div>\n\t\t<\/div>\n\t\t\t\t\t<\/div>\n\t\t<\/section>\n\t\t\t\t<\/div>\n\t\t","protected":false},"excerpt":{"rendered":"<p>FREE EXTENDEDHOURS Amplio horario Gratuito Ofrecemos un horario ampliado gratuito (alumnos infantil y primaria), por la ma\u00f1ana y por la tarde para que aquellas familias que lo necesiten. Los alumnos son atendidos por profesores y auxiliares del colegio, dependiendo de sus edades. De lunes a jueves de 8:00 a 18:00. Viernes de 8:00 a 9:00. [&hellip;]<\/p>\n","protected":false},"author":1,"featured_media":0,"parent":0,"menu_order":0,"comment_status":"closed","ping_status":"closed","template":"","meta":{"site-sidebar-layout":"no-sidebar","site-content-layout":"page-builder","ast-site-content-layout":"","site-content-style":"default","site-sidebar-style":"default","ast-global-header-display":"","ast-banner-title-visibility":"","ast-main-header-display":"","ast-hfb-above-header-display":"","ast-hfb-below-header-display":"","ast-hfb-mobile-header-display":"","site-post-title":"disabled","ast-breadcrumbs-content":"","ast-featured-img":"disabled","footer-sml-layout":"","theme-transparent-header-meta":"","adv-header-id-meta":"","stick-header-meta":"","header-above-stick-meta":"","header-main-stick-meta":"","header-below-stick-meta":"","astra-migrate-meta-layouts":"default","ast-page-background-enabled":"default","ast-page-background-meta":{"desktop":{"background-color":"","background-image":"","background-repeat":"repeat","background-position":"center center","background-size":"auto","background-attachment":"scroll","background-type":"","background-media":"","overlay-type":"","overlay-color":"","overlay-opacity":"","overlay-gradient":""},"tablet":{"background-color":"","background-image":"","background-repeat":"repeat","background-position":"center center","background-size":"auto","background-attachment":"scroll","background-type":"","background-media":"","overlay-type":"","overlay-color":"","overlay-opacity":"","overlay-gradient":""},"mobile":{"background-color":"","background-image":"","background-repeat":"repeat","background-position":"center center","background-size":"auto","background-attachment":"scroll","background-type":"","background-media":"","overlay-type":"","overlay-color":"","overlay-opacity":"","overlay-gradient":""}},"ast-content-background-meta":{"desktop":{"background-color":"var(--ast-global-color-5)","background-image":"","background-repeat":"repeat","background-position":"center center","background-size":"auto","background-attachment":"scroll","background-type":"","background-media":"","overlay-type":"","overlay-color":"","overlay-opacity":"","overlay-gradient":""},"tablet":{"background-color":"var(--ast-global-color-5)","background-image":"","background-repeat":"repeat","background-position":"center center","background-size":"auto","background-attachment":"scroll","background-type":"","background-media":"","overlay-type":"","overlay-color":"","overlay-opacity":"","overlay-gradient":""},"mobile":{"background-color":"var(--ast-global-color-5)","background-image":"","background-repeat":"repeat","background-position":"center center","background-size":"auto","background-attachment":"scroll","background-type":"","background-media":"","overlay-type":"","overlay-color":"","overlay-opacity":"","overlay-gradient":""}},"footnotes":""},"class_list":["post-7595","page","type-page","status-publish","hentry"],"yoast_head":"<!-- This site is optimized with the Yoast SEO plugin v24.1 - https:\/\/yoast.com\/wordpress\/plugins\/seo\/ -->\n<title>Extended hours - Iale International School<\/title>\n<meta name=\"robots\" content=\"noindex, follow, max-snippet:-1, max-image-preview:large, max-video-preview:-1\" \/>\n<meta property=\"og:locale\" content=\"en_US\" \/>\n<meta property=\"og:type\" content=\"article\" \/>\n<meta property=\"og:title\" content=\"Extended hours - Iale International School\" \/>\n<meta property=\"og:description\" content=\"FREE EXTENDEDHOURS Amplio horario Gratuito Ofrecemos un horario ampliado gratuito (alumnos infantil y primaria), por la ma\u00f1ana y por la tarde para que aquellas familias que lo necesiten. Los alumnos son atendidos por profesores y auxiliares del colegio, dependiendo de sus edades. De lunes a jueves de 8:00 a 18:00. Viernes de 8:00 a 9:00. [&hellip;]\" \/>\n<meta property=\"og:url\" content=\"https:\/\/pruebas.ialeschool.com\/amplio-horario\/\" \/>\n<meta property=\"og:site_name\" content=\"Iale International School\" \/>\n<meta property=\"article:modified_time\" content=\"2022-10-24T15:18:25+00:00\" \/>\n<meta property=\"og:image\" content=\"https:\/\/pruebas.ialeschool.com\/wp-content\/uploads\/elementor\/thumbs\/reloj-pv6lj2u6w21gyjxyns8c7orj627kkkgkh1ogo42b88.png\" \/>\n<meta name=\"twitter:card\" content=\"summary_large_image\" \/>\n<meta name=\"twitter:label1\" content=\"Est. reading time\" \/>\n\t<meta name=\"twitter:data1\" content=\"1 minute\" \/>\n<script type=\"application\/ld+json\" class=\"yoast-schema-graph\">{\"@context\":\"https:\/\/schema.org\",\"@graph\":[{\"@type\":\"WebPage\",\"@id\":\"https:\/\/pruebas.ialeschool.com\/amplio-horario\/\",\"url\":\"https:\/\/pruebas.ialeschool.com\/amplio-horario\/\",\"name\":\"Extended hours - Iale International School\",\"isPartOf\":{\"@id\":\"https:\/\/pruebas.ialeschool.com\/#website\"},\"primaryImageOfPage\":{\"@id\":\"https:\/\/pruebas.ialeschool.com\/amplio-horario\/#primaryimage\"},\"image\":{\"@id\":\"https:\/\/pruebas.ialeschool.com\/amplio-horario\/#primaryimage\"},\"thumbnailUrl\":\"https:\/\/pruebas.ialeschool.com\/wp-content\/uploads\/elementor\/thumbs\/reloj-pv6lj2u6w21gyjxyns8c7orj627kkkgkh1ogo42b88.png\",\"datePublished\":\"2022-10-14T10:25:56+00:00\",\"dateModified\":\"2022-10-24T15:18:25+00:00\",\"breadcrumb\":{\"@id\":\"https:\/\/pruebas.ialeschool.com\/amplio-horario\/#breadcrumb\"},\"inLanguage\":\"en-US\",\"potentialAction\":[{\"@type\":\"ReadAction\",\"target\":[\"https:\/\/pruebas.ialeschool.com\/amplio-horario\/\"]}]},{\"@type\":\"ImageObject\",\"inLanguage\":\"en-US\",\"@id\":\"https:\/\/pruebas.ialeschool.com\/amplio-horario\/#primaryimage\",\"url\":\"https:\/\/pruebas.ialeschool.com\/wp-content\/uploads\/elementor\/thumbs\/reloj-pv6lj2u6w21gyjxyns8c7orj627kkkgkh1ogo42b88.png\",\"contentUrl\":\"https:\/\/pruebas.ialeschool.com\/wp-content\/uploads\/elementor\/thumbs\/reloj-pv6lj2u6w21gyjxyns8c7orj627kkkgkh1ogo42b88.png\"},{\"@type\":\"BreadcrumbList\",\"@id\":\"https:\/\/pruebas.ialeschool.com\/amplio-horario\/#breadcrumb\",\"itemListElement\":[{\"@type\":\"ListItem\",\"position\":1,\"name\":\"Portada\",\"item\":\"https:\/\/pruebas.ialeschool.com\/en\/\"},{\"@type\":\"ListItem\",\"position\":2,\"name\":\"Extended hours\"}]},{\"@type\":\"WebSite\",\"@id\":\"https:\/\/pruebas.ialeschool.com\/#website\",\"url\":\"https:\/\/pruebas.ialeschool.com\/\",\"name\":\"Iale International School\",\"description\":\"Iale School\",\"publisher\":{\"@id\":\"https:\/\/pruebas.ialeschool.com\/#organization\"},\"potentialAction\":[{\"@type\":\"SearchAction\",\"target\":{\"@type\":\"EntryPoint\",\"urlTemplate\":\"https:\/\/pruebas.ialeschool.com\/?s={search_term_string}\"},\"query-input\":{\"@type\":\"PropertyValueSpecification\",\"valueRequired\":true,\"valueName\":\"search_term_string\"}}],\"inLanguage\":\"en-US\"},{\"@type\":\"Organization\",\"@id\":\"https:\/\/pruebas.ialeschool.com\/#organization\",\"name\":\"Iale International School\",\"url\":\"https:\/\/pruebas.ialeschool.com\/\",\"logo\":{\"@type\":\"ImageObject\",\"inLanguage\":\"en-US\",\"@id\":\"https:\/\/pruebas.ialeschool.com\/#\/schema\/logo\/image\/\",\"url\":\"https:\/\/pruebas.ialeschool.com\/wp-content\/uploads\/cmyk-sin-lema-iale-international-school-trazado-01.png\",\"contentUrl\":\"https:\/\/pruebas.ialeschool.com\/wp-content\/uploads\/cmyk-sin-lema-iale-international-school-trazado-01.png\",\"width\":994,\"height\":290,\"caption\":\"Iale International School\"},\"image\":{\"@id\":\"https:\/\/pruebas.ialeschool.com\/#\/schema\/logo\/image\/\"}}]}<\/script>\n<!-- \/ Yoast SEO plugin. -->","yoast_head_json":{"title":"Extended hours - Iale International School","robots":{"index":"noindex","follow":"follow","max-snippet":"max-snippet:-1","max-image-preview":"max-image-preview:large","max-video-preview":"max-video-preview:-1"},"og_locale":"en_US","og_type":"article","og_title":"Extended hours - Iale International School","og_description":"FREE EXTENDEDHOURS Amplio horario Gratuito Ofrecemos un horario ampliado gratuito (alumnos infantil y primaria), por la ma\u00f1ana y por la tarde para que aquellas familias que lo necesiten. Los alumnos son atendidos por profesores y auxiliares del colegio, dependiendo de sus edades. De lunes a jueves de 8:00 a 18:00. Viernes de 8:00 a 9:00. [&hellip;]","og_url":"https:\/\/pruebas.ialeschool.com\/amplio-horario\/","og_site_name":"Iale International School","article_modified_time":"2022-10-24T15:18:25+00:00","og_image":[{"url":"https:\/\/pruebas.ialeschool.com\/wp-content\/uploads\/elementor\/thumbs\/reloj-pv6lj2u6w21gyjxyns8c7orj627kkkgkh1ogo42b88.png","type":"","width":"","height":""}],"twitter_card":"summary_large_image","twitter_misc":{"Est. reading time":"1 minute"},"schema":{"@context":"https:\/\/schema.org","@graph":[{"@type":"WebPage","@id":"https:\/\/pruebas.ialeschool.com\/amplio-horario\/","url":"https:\/\/pruebas.ialeschool.com\/amplio-horario\/","name":"Extended hours - Iale International School","isPartOf":{"@id":"https:\/\/pruebas.ialeschool.com\/#website"},"primaryImageOfPage":{"@id":"https:\/\/pruebas.ialeschool.com\/amplio-horario\/#primaryimage"},"image":{"@id":"https:\/\/pruebas.ialeschool.com\/amplio-horario\/#primaryimage"},"thumbnailUrl":"https:\/\/pruebas.ialeschool.com\/wp-content\/uploads\/elementor\/thumbs\/reloj-pv6lj2u6w21gyjxyns8c7orj627kkkgkh1ogo42b88.png","datePublished":"2022-10-14T10:25:56+00:00","dateModified":"2022-10-24T15:18:25+00:00","breadcrumb":{"@id":"https:\/\/pruebas.ialeschool.com\/amplio-horario\/#breadcrumb"},"inLanguage":"en-US","potentialAction":[{"@type":"ReadAction","target":["https:\/\/pruebas.ialeschool.com\/amplio-horario\/"]}]},{"@type":"ImageObject","inLanguage":"en-US","@id":"https:\/\/pruebas.ialeschool.com\/amplio-horario\/#primaryimage","url":"https:\/\/pruebas.ialeschool.com\/wp-content\/uploads\/elementor\/thumbs\/reloj-pv6lj2u6w21gyjxyns8c7orj627kkkgkh1ogo42b88.png","contentUrl":"https:\/\/pruebas.ialeschool.com\/wp-content\/uploads\/elementor\/thumbs\/reloj-pv6lj2u6w21gyjxyns8c7orj627kkkgkh1ogo42b88.png"},{"@type":"BreadcrumbList","@id":"https:\/\/pruebas.ialeschool.com\/amplio-horario\/#breadcrumb","itemListElement":[{"@type":"ListItem","position":1,"name":"Portada","item":"https:\/\/pruebas.ialeschool.com\/en\/"},{"@type":"ListItem","position":2,"name":"Extended hours"}]},{"@type":"WebSite","@id":"https:\/\/pruebas.ialeschool.com\/#website","url":"https:\/\/pruebas.ialeschool.com\/","name":"Iale International School","description":"Iale School","publisher":{"@id":"https:\/\/pruebas.ialeschool.com\/#organization"},"potentialAction":[{"@type":"SearchAction","target":{"@type":"EntryPoint","urlTemplate":"https:\/\/pruebas.ialeschool.com\/?s={search_term_string}"},"query-input":{"@type":"PropertyValueSpecification","valueRequired":true,"valueName":"search_term_string"}}],"inLanguage":"en-US"},{"@type":"Organization","@id":"https:\/\/pruebas.ialeschool.com\/#organization","name":"Iale International School","url":"https:\/\/pruebas.ialeschool.com\/","logo":{"@type":"ImageObject","inLanguage":"en-US","@id":"https:\/\/pruebas.ialeschool.com\/#\/schema\/logo\/image\/","url":"https:\/\/pruebas.ialeschool.com\/wp-content\/uploads\/cmyk-sin-lema-iale-international-school-trazado-01.png","contentUrl":"https:\/\/pruebas.ialeschool.com\/wp-content\/uploads\/cmyk-sin-lema-iale-international-school-trazado-01.png","width":994,"height":290,"caption":"Iale International School"},"image":{"@id":"https:\/\/pruebas.ialeschool.com\/#\/schema\/logo\/image\/"}}]}},"_links":{"self":[{"href":"https:\/\/pruebas.ialeschool.com\/en\/wp-json\/wp\/v2\/pages\/7595","targetHints":{"allow":["GET"]}}],"collection":[{"href":"https:\/\/pruebas.ialeschool.com\/en\/wp-json\/wp\/v2\/pages"}],"about":[{"href":"https:\/\/pruebas.ialeschool.com\/en\/wp-json\/wp\/v2\/types\/page"}],"author":[{"embeddable":true,"href":"https:\/\/pruebas.ialeschool.com\/en\/wp-json\/wp\/v2\/users\/1"}],"replies":[{"embeddable":true,"href":"https:\/\/pruebas.ialeschool.com\/en\/wp-json\/wp\/v2\/comments?post=7595"}],"version-history":[{"count":1,"href":"https:\/\/pruebas.ialeschool.com\/en\/wp-json\/wp\/v2\/pages\/7595\/revisions"}],"predecessor-version":[{"id":8584,"href":"https:\/\/pruebas.ialeschool.com\/en\/wp-json\/wp\/v2\/pages\/7595\/revisions\/8584"}],"wp:attachment":[{"href":"https:\/\/pruebas.ialeschool.com\/en\/wp-json\/wp\/v2\/media?parent=7595"}],"curies":[{"name":"wp","href":"https:\/\/api.w.org\/{rel}","templated":true}]}}