{"id":7600,"date":"2022-10-14T12:29:29","date_gmt":"2022-10-14T10:29:29","guid":{"rendered":"https:\/\/pruebas.ialeschool.com\/?page_id=7600"},"modified":"2022-10-24T17:04:31","modified_gmt":"2022-10-24T15:04:31","slug":"apple-distinguished-school","status":"publish","type":"page","link":"https:\/\/pruebas.ialeschool.com\/en\/apple-distinguished-school\/","title":{"rendered":"Apple Distinguished School"},"content":{"rendered":"\t\t<div data-elementor-type=\"wp-page\" data-elementor-id=\"7600\" class=\"elementor elementor-7600 elementor-4772\" data-elementor-post-type=\"page\">\n\t\t\t\t\t\t<section class=\"elementor-section elementor-top-section elementor-element elementor-element-4accd501 elementor-section-boxed elementor-section-height-default elementor-section-height-default\" data-id=\"4accd501\" data-element_type=\"section\">\n\t\t\t\t\t\t<div class=\"elementor-container elementor-column-gap-default\">\n\t\t\t\t\t<div class=\"elementor-column elementor-col-100 elementor-top-column elementor-element elementor-element-2b41aebd\" data-id=\"2b41aebd\" data-element_type=\"column\">\n\t\t\t<div class=\"elementor-widget-wrap\">\n\t\t\t\t\t\t\t<\/div>\n\t\t<\/div>\n\t\t\t\t\t<\/div>\n\t\t<\/section>\n\t\t\t\t<section class=\"elementor-section elementor-top-section elementor-element elementor-element-ae249f4 elementor-section-height-min-height elementor-section-items-top elementor-section-boxed elementor-section-height-default\" data-id=\"ae249f4\" data-element_type=\"section\" data-settings=\"{&quot;background_background&quot;:&quot;classic&quot;}\">\n\t\t\t\t\t\t\t<div class=\"elementor-background-overlay\"><\/div>\n\t\t\t\t\t\t\t<div class=\"elementor-container elementor-column-gap-default\">\n\t\t\t\t\t<div class=\"elementor-column elementor-col-100 elementor-top-column elementor-element elementor-element-67d399d\" data-id=\"67d399d\" data-element_type=\"column\">\n\t\t\t<div class=\"elementor-widget-wrap\">\n\t\t\t\t\t\t\t<\/div>\n\t\t<\/div>\n\t\t\t\t\t<\/div>\n\t\t<\/section>\n\t\t\t\t<section class=\"elementor-section elementor-top-section elementor-element elementor-element-5c123cb elementor-section-boxed elementor-section-height-default elementor-section-height-default\" data-id=\"5c123cb\" data-element_type=\"section\">\n\t\t\t\t\t\t<div class=\"elementor-container elementor-column-gap-default\">\n\t\t\t\t\t<div class=\"elementor-column elementor-col-50 elementor-top-column elementor-element elementor-element-f4bff59\" data-id=\"f4bff59\" data-element_type=\"column\">\n\t\t\t<div class=\"elementor-widget-wrap elementor-element-populated\">\n\t\t\t\t\t\t<div class=\"elementor-element elementor-element-23f9811 elementor-widget elementor-widget-heading\" data-id=\"23f9811\" data-element_type=\"widget\" data-widget_type=\"heading.default\">\n\t\t\t\t<div class=\"elementor-widget-container\">\n\t\t\t\t\t<h2 class=\"elementor-heading-title elementor-size-default\">Apple Distinguished School<\/h2>\t\t\t\t<\/div>\n\t\t\t\t<\/div>\n\t\t\t\t\t<\/div>\n\t\t<\/div>\n\t\t\t\t<div class=\"elementor-column elementor-col-50 elementor-top-column elementor-element elementor-element-c838b83\" data-id=\"c838b83\" data-element_type=\"column\">\n\t\t\t<div class=\"elementor-widget-wrap elementor-element-populated\">\n\t\t\t\t\t\t<div class=\"elementor-element elementor-element-efafde0 elementor-widget elementor-widget-text-editor\" data-id=\"efafde0\" data-element_type=\"widget\" data-widget_type=\"text-editor.default\">\n\t\t\t\t<div class=\"elementor-widget-container\">\n\t\t\t\t\t\t\t\t\t<p>Nos complace haber sido distinguidos con el reconocimiento Apple Distinguished School para el per\u00edodo 2021-2024 por nuestra innovaci\u00f3n, liderazgo y excelencia acad\u00e9mica.<\/p>\t\t\t\t\t\t\t\t<\/div>\n\t\t\t\t<\/div>\n\t\t\t\t\t<\/div>\n\t\t<\/div>\n\t\t\t\t\t<\/div>\n\t\t<\/section>\n\t\t\t\t<section class=\"elementor-section elementor-top-section elementor-element elementor-element-1b8e4a7 elementor-section-boxed elementor-section-height-default elementor-section-height-default\" data-id=\"1b8e4a7\" data-element_type=\"section\">\n\t\t\t\t\t\t<div class=\"elementor-container elementor-column-gap-default\">\n\t\t\t\t\t<div class=\"elementor-column elementor-col-100 elementor-top-column elementor-element elementor-element-1991d3d\" data-id=\"1991d3d\" data-element_type=\"column\">\n\t\t\t<div class=\"elementor-widget-wrap elementor-element-populated\">\n\t\t\t\t\t\t<div class=\"elementor-element elementor-element-be782d2 elementor-widget elementor-widget-text-editor\" data-id=\"be782d2\" data-element_type=\"widget\" data-widget_type=\"text-editor.default\">\n\t\t\t\t<div class=\"elementor-widget-container\">\n\t\t\t\t\t\t\t\t\t<p>En Iale utilizamos la tecnolog\u00eda Apple, desde Infantil con el proyecto &#8220;One to Many&#8221; y desde primero de Primaria hasta Bachillerato con metodolog\u00eda &#8220;One to One&#8221; como recurso educativo a trav\u00e9s del cual se potencia la creatividad, la colaboraci\u00f3n, la conectividad entre alumnos y con el mundo, se comparten experiencias y se consigue que el alumno sea realmente el verdadero protagonista de su propio aprendizaje.<\/p>\t\t\t\t\t\t\t\t<\/div>\n\t\t\t\t<\/div>\n\t\t\t\t\t<\/div>\n\t\t<\/div>\n\t\t\t\t\t<\/div>\n\t\t<\/section>\n\t\t\t\t<section class=\"elementor-section elementor-top-section elementor-element elementor-element-c98c4cd elementor-section-boxed elementor-section-height-default elementor-section-height-default\" data-id=\"c98c4cd\" data-element_type=\"section\">\n\t\t\t\t\t\t<div class=\"elementor-container elementor-column-gap-default\">\n\t\t\t\t\t<div class=\"elementor-column elementor-col-100 elementor-top-column elementor-element elementor-element-1d7c5cd\" data-id=\"1d7c5cd\" data-element_type=\"column\">\n\t\t\t<div class=\"elementor-widget-wrap elementor-element-populated\">\n\t\t\t\t\t\t<div class=\"elementor-element elementor-element-28e0f6b elementor-widget elementor-widget-gallery\" data-id=\"28e0f6b\" data-element_type=\"widget\" data-settings=\"{&quot;lazyload&quot;:&quot;yes&quot;,&quot;gallery_layout&quot;:&quot;grid&quot;,&quot;columns&quot;:4,&quot;columns_tablet&quot;:2,&quot;columns_mobile&quot;:1,&quot;gap&quot;:{&quot;unit&quot;:&quot;px&quot;,&quot;size&quot;:10,&quot;sizes&quot;:[]},&quot;gap_tablet&quot;:{&quot;unit&quot;:&quot;px&quot;,&quot;size&quot;:10,&quot;sizes&quot;:[]},&quot;gap_mobile&quot;:{&quot;unit&quot;:&quot;px&quot;,&quot;size&quot;:10,&quot;sizes&quot;:[]},&quot;link_to&quot;:&quot;file&quot;,&quot;aspect_ratio&quot;:&quot;3:2&quot;,&quot;overlay_background&quot;:&quot;yes&quot;,&quot;content_hover_animation&quot;:&quot;fade-in&quot;}\" data-widget_type=\"gallery.default\">\n\t\t\t\t<div class=\"elementor-widget-container\">\n\t\t\t\t\t\t\t<div class=\"elementor-gallery__container\">\n\t\t\t\t\t\t\t<a class=\"e-gallery-item elementor-gallery-item elementor-animated-content\" href=\"https:\/\/pruebas.ialeschool.com\/wp-content\/uploads\/aele05179-scaled.jpg\" data-elementor-open-lightbox=\"yes\" data-elementor-lightbox-slideshow=\"28e0f6b\" data-elementor-lightbox-title=\"aELE05179\" data-e-action-hash=\"#elementor-action%3Aaction%3Dlightbox%26settings%3DeyJpZCI6NzE5NSwidXJsIjoiaHR0cHM6XC9cL3BydWViYXMuaWFsZXNjaG9vbC5jb21cL3dwLWNvbnRlbnRcL3VwbG9hZHNcL2FlbGUwNTE3OS1zY2FsZWQuanBnIiwic2xpZGVzaG93IjoiMjhlMGY2YiJ9\">\n\t\t\t\t\t<div class=\"e-gallery-image elementor-gallery-item__image\" data-thumbnail=\"https:\/\/pruebas.ialeschool.com\/wp-content\/uploads\/aele05179-scaled.jpg\" data-width=\"\" data-height=\"\" aria-label=\"\" role=\"img\" ><\/div>\n\t\t\t\t\t\t\t\t\t\t\t<div class=\"elementor-gallery-item__overlay\"><\/div>\n\t\t\t\t\t\t\t\t\t\t\t\t\t\t<\/a>\n\t\t\t\t\t\t\t<a class=\"e-gallery-item elementor-gallery-item elementor-animated-content\" href=\"https:\/\/pruebas.ialeschool.com\/wp-content\/uploads\/aele08053-scaled.jpg\" data-elementor-open-lightbox=\"yes\" data-elementor-lightbox-slideshow=\"28e0f6b\" data-elementor-lightbox-title=\"aELE08053\" data-e-action-hash=\"#elementor-action%3Aaction%3Dlightbox%26settings%3DeyJpZCI6NjkwOSwidXJsIjoiaHR0cHM6XC9cL3BydWViYXMuaWFsZXNjaG9vbC5jb21cL3dwLWNvbnRlbnRcL3VwbG9hZHNcL2FlbGUwODA1My1zY2FsZWQuanBnIiwic2xpZGVzaG93IjoiMjhlMGY2YiJ9\">\n\t\t\t\t\t<div class=\"e-gallery-image elementor-gallery-item__image\" data-thumbnail=\"https:\/\/pruebas.ialeschool.com\/wp-content\/uploads\/aele08053-scaled.jpg\" data-width=\"\" data-height=\"\" aria-label=\"\" role=\"img\" ><\/div>\n\t\t\t\t\t\t\t\t\t\t\t<div class=\"elementor-gallery-item__overlay\"><\/div>\n\t\t\t\t\t\t\t\t\t\t\t\t\t\t<\/a>\n\t\t\t\t\t\t\t<a class=\"e-gallery-item elementor-gallery-item elementor-animated-content\" href=\"https:\/\/pruebas.ialeschool.com\/wp-content\/uploads\/hele07656-scaled.jpg\" data-elementor-open-lightbox=\"yes\" data-elementor-lightbox-slideshow=\"28e0f6b\" data-elementor-lightbox-title=\"hELE07656\" data-e-action-hash=\"#elementor-action%3Aaction%3Dlightbox%26settings%3DeyJpZCI6NjI4NSwidXJsIjoiaHR0cHM6XC9cL3BydWViYXMuaWFsZXNjaG9vbC5jb21cL3dwLWNvbnRlbnRcL3VwbG9hZHNcL2hlbGUwNzY1Ni1zY2FsZWQuanBnIiwic2xpZGVzaG93IjoiMjhlMGY2YiJ9\">\n\t\t\t\t\t<div class=\"e-gallery-image elementor-gallery-item__image\" data-thumbnail=\"https:\/\/pruebas.ialeschool.com\/wp-content\/uploads\/hele07656-scaled.jpg\" data-width=\"\" data-height=\"\" aria-label=\"\" role=\"img\" ><\/div>\n\t\t\t\t\t\t\t\t\t\t\t<div class=\"elementor-gallery-item__overlay\"><\/div>\n\t\t\t\t\t\t\t\t\t\t\t\t\t\t<\/a>\n\t\t\t\t\t\t\t<a class=\"e-gallery-item elementor-gallery-item elementor-animated-content\" href=\"https:\/\/pruebas.ialeschool.com\/wp-content\/uploads\/informatica.png\" data-elementor-open-lightbox=\"yes\" data-elementor-lightbox-slideshow=\"28e0f6b\" data-elementor-lightbox-title=\"Informa\u0301tica\" data-e-action-hash=\"#elementor-action%3Aaction%3Dlightbox%26settings%3DeyJpZCI6NTM4MCwidXJsIjoiaHR0cHM6XC9cL3BydWViYXMuaWFsZXNjaG9vbC5jb21cL3dwLWNvbnRlbnRcL3VwbG9hZHNcL2luZm9ybWF0aWNhLnBuZyIsInNsaWRlc2hvdyI6IjI4ZTBmNmIifQ%3D%3D\">\n\t\t\t\t\t<div class=\"e-gallery-image elementor-gallery-item__image\" data-thumbnail=\"https:\/\/pruebas.ialeschool.com\/wp-content\/uploads\/informatica.png\" data-width=\"\" data-height=\"\" aria-label=\"\" role=\"img\" ><\/div>\n\t\t\t\t\t\t\t\t\t\t\t<div class=\"elementor-gallery-item__overlay\"><\/div>\n\t\t\t\t\t\t\t\t\t\t\t\t\t\t<\/a>\n\t\t\t\t\t\t\t<a class=\"e-gallery-item elementor-gallery-item elementor-animated-content\" href=\"https:\/\/pruebas.ialeschool.com\/wp-content\/uploads\/iale-0110.jpg\" data-elementor-open-lightbox=\"yes\" data-elementor-lightbox-slideshow=\"28e0f6b\" data-elementor-lightbox-title=\"Iale_0110\" data-e-action-hash=\"#elementor-action%3Aaction%3Dlightbox%26settings%3DeyJpZCI6NDQ1MSwidXJsIjoiaHR0cHM6XC9cL3BydWViYXMuaWFsZXNjaG9vbC5jb21cL3dwLWNvbnRlbnRcL3VwbG9hZHNcL2lhbGUtMDExMC5qcGciLCJzbGlkZXNob3ciOiIyOGUwZjZiIn0%3D\">\n\t\t\t\t\t<div class=\"e-gallery-image elementor-gallery-item__image\" data-thumbnail=\"https:\/\/pruebas.ialeschool.com\/wp-content\/uploads\/iale-0110.jpg\" data-width=\"\" data-height=\"\" aria-label=\"\" role=\"img\" ><\/div>\n\t\t\t\t\t\t\t\t\t\t\t<div class=\"elementor-gallery-item__overlay\"><\/div>\n\t\t\t\t\t\t\t\t\t\t\t\t\t\t<\/a>\n\t\t\t\t\t\t\t<a class=\"e-gallery-item elementor-gallery-item elementor-animated-content\" href=\"https:\/\/pruebas.ialeschool.com\/wp-content\/uploads\/aele07469-scaled.jpg\" data-elementor-open-lightbox=\"yes\" data-elementor-lightbox-slideshow=\"28e0f6b\" data-elementor-lightbox-title=\"aELE07469\" data-e-action-hash=\"#elementor-action%3Aaction%3Dlightbox%26settings%3DeyJpZCI6NzI0MywidXJsIjoiaHR0cHM6XC9cL3BydWViYXMuaWFsZXNjaG9vbC5jb21cL3dwLWNvbnRlbnRcL3VwbG9hZHNcL2FlbGUwNzQ2OS1zY2FsZWQuanBnIiwic2xpZGVzaG93IjoiMjhlMGY2YiJ9\">\n\t\t\t\t\t<div class=\"e-gallery-image elementor-gallery-item__image\" data-thumbnail=\"https:\/\/pruebas.ialeschool.com\/wp-content\/uploads\/aele07469-scaled.jpg\" data-width=\"\" data-height=\"\" aria-label=\"\" role=\"img\" ><\/div>\n\t\t\t\t\t\t\t\t\t\t\t<div class=\"elementor-gallery-item__overlay\"><\/div>\n\t\t\t\t\t\t\t\t\t\t\t\t\t\t<\/a>\n\t\t\t\t\t\t\t<a class=\"e-gallery-item elementor-gallery-item elementor-animated-content\" href=\"https:\/\/pruebas.ialeschool.com\/wp-content\/uploads\/aele05185-scaled.jpg\" data-elementor-open-lightbox=\"yes\" data-elementor-lightbox-slideshow=\"28e0f6b\" data-elementor-lightbox-title=\"aELE05185\" data-e-action-hash=\"#elementor-action%3Aaction%3Dlightbox%26settings%3DeyJpZCI6NzE5NywidXJsIjoiaHR0cHM6XC9cL3BydWViYXMuaWFsZXNjaG9vbC5jb21cL3dwLWNvbnRlbnRcL3VwbG9hZHNcL2FlbGUwNTE4NS1zY2FsZWQuanBnIiwic2xpZGVzaG93IjoiMjhlMGY2YiJ9\">\n\t\t\t\t\t<div class=\"e-gallery-image elementor-gallery-item__image\" data-thumbnail=\"https:\/\/pruebas.ialeschool.com\/wp-content\/uploads\/aele05185-scaled.jpg\" data-width=\"\" data-height=\"\" aria-label=\"\" role=\"img\" ><\/div>\n\t\t\t\t\t\t\t\t\t\t\t<div class=\"elementor-gallery-item__overlay\"><\/div>\n\t\t\t\t\t\t\t\t\t\t\t\t\t\t<\/a>\n\t\t\t\t\t\t\t<a class=\"e-gallery-item elementor-gallery-item elementor-animated-content\" href=\"https:\/\/pruebas.ialeschool.com\/wp-content\/uploads\/aele04437-scaled.jpg\" data-elementor-open-lightbox=\"yes\" data-elementor-lightbox-slideshow=\"28e0f6b\" data-elementor-lightbox-title=\"aELE04437\" data-e-action-hash=\"#elementor-action%3Aaction%3Dlightbox%26settings%3DeyJpZCI6NzE5NCwidXJsIjoiaHR0cHM6XC9cL3BydWViYXMuaWFsZXNjaG9vbC5jb21cL3dwLWNvbnRlbnRcL3VwbG9hZHNcL2FlbGUwNDQzNy1zY2FsZWQuanBnIiwic2xpZGVzaG93IjoiMjhlMGY2YiJ9\">\n\t\t\t\t\t<div class=\"e-gallery-image elementor-gallery-item__image\" data-thumbnail=\"https:\/\/pruebas.ialeschool.com\/wp-content\/uploads\/aele04437-scaled.jpg\" data-width=\"\" data-height=\"\" aria-label=\"\" role=\"img\" ><\/div>\n\t\t\t\t\t\t\t\t\t\t\t<div class=\"elementor-gallery-item__overlay\"><\/div>\n\t\t\t\t\t\t\t\t\t\t\t\t\t\t<\/a>\n\t\t\t\t\t<\/div>\n\t\t\t\t\t<\/div>\n\t\t\t\t<\/div>\n\t\t\t\t\t<\/div>\n\t\t<\/div>\n\t\t\t\t\t<\/div>\n\t\t<\/section>\n\t\t\t\t<section class=\"elementor-section elementor-top-section elementor-element elementor-element-0207660 elementor-section-content-middle elementor-section-boxed elementor-section-height-default elementor-section-height-default\" data-id=\"0207660\" data-element_type=\"section\" data-settings=\"{&quot;background_background&quot;:&quot;classic&quot;}\">\n\t\t\t\t\t\t<div class=\"elementor-container elementor-column-gap-default\">\n\t\t\t\t\t<div class=\"elementor-column elementor-col-50 elementor-top-column elementor-element elementor-element-c00bc3d\" data-id=\"c00bc3d\" data-element_type=\"column\">\n\t\t\t<div class=\"elementor-widget-wrap elementor-element-populated\">\n\t\t\t\t\t\t<div class=\"elementor-element elementor-element-772f656 elementor-widget elementor-widget-heading\" data-id=\"772f656\" data-element_type=\"widget\" data-widget_type=\"heading.default\">\n\t\t\t\t<div class=\"elementor-widget-container\">\n\t\t\t\t\t<h3 class=\"elementor-heading-title elementor-size-default\">Personas \u00edntegras, responsables y felices, preparadas para desarrollarse en cualquier lugar del mundo.<\/h3>\t\t\t\t<\/div>\n\t\t\t\t<\/div>\n\t\t\t\t\t<\/div>\n\t\t<\/div>\n\t\t\t\t<div class=\"elementor-column elementor-col-50 elementor-top-column elementor-element elementor-element-3ca92d1\" data-id=\"3ca92d1\" data-element_type=\"column\">\n\t\t\t<div class=\"elementor-widget-wrap elementor-element-populated\">\n\t\t\t\t\t\t<div class=\"elementor-element elementor-element-b99c55e elementor-align-right elementor-mobile-align-center elementor-widget elementor-widget-button\" data-id=\"b99c55e\" data-element_type=\"widget\" data-widget_type=\"button.default\">\n\t\t\t\t<div class=\"elementor-widget-container\">\n\t\t\t\t\t\t\t\t\t<div class=\"elementor-button-wrapper\">\n\t\t\t\t\t<a class=\"elementor-button elementor-button-link elementor-size-md\" href=\"https:\/\/pruebas.ialeschool.com\/#form\">\n\t\t\t\t\t\t<span class=\"elementor-button-content-wrapper\">\n\t\t\t\t\t\t<span class=\"elementor-button-icon\">\n\t\t\t\t<i aria-hidden=\"true\" class=\"fas fa-angle-double-right\"><\/i>\t\t\t<\/span>\n\t\t\t\t\t\t\t\t\t<span class=\"elementor-button-text\">Ven a visitarnos<\/span>\n\t\t\t\t\t<\/span>\n\t\t\t\t\t<\/a>\n\t\t\t\t<\/div>\n\t\t\t\t\t\t\t\t<\/div>\n\t\t\t\t<\/div>\n\t\t\t\t\t<\/div>\n\t\t<\/div>\n\t\t\t\t\t<\/div>\n\t\t<\/section>\n\t\t\t\t<\/div>\n\t\t","protected":false},"excerpt":{"rendered":"<p>Apple Distinguished School Nos complace haber sido distinguidos con el reconocimiento Apple Distinguished School para el per\u00edodo 2021-2024 por nuestra innovaci\u00f3n, liderazgo y excelencia acad\u00e9mica. En Iale utilizamos la tecnolog\u00eda Apple, desde Infantil con el proyecto &#8220;One to Many&#8221; y desde primero de Primaria hasta Bachillerato con metodolog\u00eda &#8220;One to One&#8221; como recurso educativo a [&hellip;]<\/p>\n","protected":false},"author":1,"featured_media":0,"parent":0,"menu_order":0,"comment_status":"closed","ping_status":"closed","template":"","meta":{"site-sidebar-layout":"no-sidebar","site-content-layout":"page-builder","ast-site-content-layout":"","site-content-style":"default","site-sidebar-style":"default","ast-global-header-display":"","ast-banner-title-visibility":"","ast-main-header-display":"","ast-hfb-above-header-display":"","ast-hfb-below-header-display":"","ast-hfb-mobile-header-display":"","site-post-title":"disabled","ast-breadcrumbs-content":"","ast-featured-img":"disabled","footer-sml-layout":"","theme-transparent-header-meta":"","adv-header-id-meta":"","stick-header-meta":"","header-above-stick-meta":"","header-main-stick-meta":"","header-below-stick-meta":"","astra-migrate-meta-layouts":"default","ast-page-background-enabled":"default","ast-page-background-meta":{"desktop":{"background-color":"","background-image":"","background-repeat":"repeat","background-position":"center center","background-size":"auto","background-attachment":"scroll","background-type":"","background-media":"","overlay-type":"","overlay-color":"","overlay-opacity":"","overlay-gradient":""},"tablet":{"background-color":"","background-image":"","background-repeat":"repeat","background-position":"center center","background-size":"auto","background-attachment":"scroll","background-type":"","background-media":"","overlay-type":"","overlay-color":"","overlay-opacity":"","overlay-gradient":""},"mobile":{"background-color":"","background-image":"","background-repeat":"repeat","background-position":"center center","background-size":"auto","background-attachment":"scroll","background-type":"","background-media":"","overlay-type":"","overlay-color":"","overlay-opacity":"","overlay-gradient":""}},"ast-content-background-meta":{"desktop":{"background-color":"var(--ast-global-color-5)","background-image":"","background-repeat":"repeat","background-position":"center center","background-size":"auto","background-attachment":"scroll","background-type":"","background-media":"","overlay-type":"","overlay-color":"","overlay-opacity":"","overlay-gradient":""},"tablet":{"background-color":"var(--ast-global-color-5)","background-image":"","background-repeat":"repeat","background-position":"center center","background-size":"auto","background-attachment":"scroll","background-type":"","background-media":"","overlay-type":"","overlay-color":"","overlay-opacity":"","overlay-gradient":""},"mobile":{"background-color":"var(--ast-global-color-5)","background-image":"","background-repeat":"repeat","background-position":"center center","background-size":"auto","background-attachment":"scroll","background-type":"","background-media":"","overlay-type":"","overlay-color":"","overlay-opacity":"","overlay-gradient":""}},"footnotes":""},"class_list":["post-7600","page","type-page","status-publish","hentry"],"yoast_head":"<!-- This site is optimized with the Yoast SEO plugin v24.1 - https:\/\/yoast.com\/wordpress\/plugins\/seo\/ -->\n<title>Apple Distinguished School - Iale International School<\/title>\n<meta name=\"robots\" content=\"noindex, follow, max-snippet:-1, max-image-preview:large, max-video-preview:-1\" \/>\n<meta property=\"og:locale\" content=\"en_US\" \/>\n<meta property=\"og:type\" content=\"article\" \/>\n<meta property=\"og:title\" content=\"Apple Distinguished School - Iale International School\" \/>\n<meta property=\"og:description\" content=\"Apple Distinguished School Nos complace haber sido distinguidos con el reconocimiento Apple Distinguished School para el per\u00edodo 2021-2024 por nuestra innovaci\u00f3n, liderazgo y excelencia acad\u00e9mica. En Iale utilizamos la tecnolog\u00eda Apple, desde Infantil con el proyecto &#8220;One to Many&#8221; y desde primero de Primaria hasta Bachillerato con metodolog\u00eda &#8220;One to One&#8221; como recurso educativo a [&hellip;]\" \/>\n<meta property=\"og:url\" content=\"https:\/\/pruebas.ialeschool.com\/apple-distinguished-school\/\" \/>\n<meta property=\"og:site_name\" content=\"Iale International School\" \/>\n<meta property=\"article:modified_time\" content=\"2022-10-24T15:04:31+00:00\" \/>\n<meta name=\"twitter:card\" content=\"summary_large_image\" \/>\n<meta name=\"twitter:label1\" content=\"Est. reading time\" \/>\n\t<meta name=\"twitter:data1\" content=\"1 minute\" \/>\n<script type=\"application\/ld+json\" class=\"yoast-schema-graph\">{\"@context\":\"https:\/\/schema.org\",\"@graph\":[{\"@type\":\"WebPage\",\"@id\":\"https:\/\/pruebas.ialeschool.com\/apple-distinguished-school\/\",\"url\":\"https:\/\/pruebas.ialeschool.com\/apple-distinguished-school\/\",\"name\":\"Apple Distinguished School - Iale International School\",\"isPartOf\":{\"@id\":\"https:\/\/pruebas.ialeschool.com\/#website\"},\"datePublished\":\"2022-10-14T10:29:29+00:00\",\"dateModified\":\"2022-10-24T15:04:31+00:00\",\"breadcrumb\":{\"@id\":\"https:\/\/pruebas.ialeschool.com\/apple-distinguished-school\/#breadcrumb\"},\"inLanguage\":\"en-US\",\"potentialAction\":[{\"@type\":\"ReadAction\",\"target\":[\"https:\/\/pruebas.ialeschool.com\/apple-distinguished-school\/\"]}]},{\"@type\":\"BreadcrumbList\",\"@id\":\"https:\/\/pruebas.ialeschool.com\/apple-distinguished-school\/#breadcrumb\",\"itemListElement\":[{\"@type\":\"ListItem\",\"position\":1,\"name\":\"Portada\",\"item\":\"https:\/\/pruebas.ialeschool.com\/en\/\"},{\"@type\":\"ListItem\",\"position\":2,\"name\":\"Apple Distinguished School\"}]},{\"@type\":\"WebSite\",\"@id\":\"https:\/\/pruebas.ialeschool.com\/#website\",\"url\":\"https:\/\/pruebas.ialeschool.com\/\",\"name\":\"Iale International School\",\"description\":\"Iale School\",\"publisher\":{\"@id\":\"https:\/\/pruebas.ialeschool.com\/#organization\"},\"potentialAction\":[{\"@type\":\"SearchAction\",\"target\":{\"@type\":\"EntryPoint\",\"urlTemplate\":\"https:\/\/pruebas.ialeschool.com\/?s={search_term_string}\"},\"query-input\":{\"@type\":\"PropertyValueSpecification\",\"valueRequired\":true,\"valueName\":\"search_term_string\"}}],\"inLanguage\":\"en-US\"},{\"@type\":\"Organization\",\"@id\":\"https:\/\/pruebas.ialeschool.com\/#organization\",\"name\":\"Iale International School\",\"url\":\"https:\/\/pruebas.ialeschool.com\/\",\"logo\":{\"@type\":\"ImageObject\",\"inLanguage\":\"en-US\",\"@id\":\"https:\/\/pruebas.ialeschool.com\/#\/schema\/logo\/image\/\",\"url\":\"https:\/\/pruebas.ialeschool.com\/wp-content\/uploads\/cmyk-sin-lema-iale-international-school-trazado-01.png\",\"contentUrl\":\"https:\/\/pruebas.ialeschool.com\/wp-content\/uploads\/cmyk-sin-lema-iale-international-school-trazado-01.png\",\"width\":994,\"height\":290,\"caption\":\"Iale International School\"},\"image\":{\"@id\":\"https:\/\/pruebas.ialeschool.com\/#\/schema\/logo\/image\/\"}}]}<\/script>\n<!-- \/ Yoast SEO plugin. -->","yoast_head_json":{"title":"Apple Distinguished School - Iale International School","robots":{"index":"noindex","follow":"follow","max-snippet":"max-snippet:-1","max-image-preview":"max-image-preview:large","max-video-preview":"max-video-preview:-1"},"og_locale":"en_US","og_type":"article","og_title":"Apple Distinguished School - Iale International School","og_description":"Apple Distinguished School Nos complace haber sido distinguidos con el reconocimiento Apple Distinguished School para el per\u00edodo 2021-2024 por nuestra innovaci\u00f3n, liderazgo y excelencia acad\u00e9mica. En Iale utilizamos la tecnolog\u00eda Apple, desde Infantil con el proyecto &#8220;One to Many&#8221; y desde primero de Primaria hasta Bachillerato con metodolog\u00eda &#8220;One to One&#8221; como recurso educativo a [&hellip;]","og_url":"https:\/\/pruebas.ialeschool.com\/apple-distinguished-school\/","og_site_name":"Iale International School","article_modified_time":"2022-10-24T15:04:31+00:00","twitter_card":"summary_large_image","twitter_misc":{"Est. reading time":"1 minute"},"schema":{"@context":"https:\/\/schema.org","@graph":[{"@type":"WebPage","@id":"https:\/\/pruebas.ialeschool.com\/apple-distinguished-school\/","url":"https:\/\/pruebas.ialeschool.com\/apple-distinguished-school\/","name":"Apple Distinguished School - Iale International School","isPartOf":{"@id":"https:\/\/pruebas.ialeschool.com\/#website"},"datePublished":"2022-10-14T10:29:29+00:00","dateModified":"2022-10-24T15:04:31+00:00","breadcrumb":{"@id":"https:\/\/pruebas.ialeschool.com\/apple-distinguished-school\/#breadcrumb"},"inLanguage":"en-US","potentialAction":[{"@type":"ReadAction","target":["https:\/\/pruebas.ialeschool.com\/apple-distinguished-school\/"]}]},{"@type":"BreadcrumbList","@id":"https:\/\/pruebas.ialeschool.com\/apple-distinguished-school\/#breadcrumb","itemListElement":[{"@type":"ListItem","position":1,"name":"Portada","item":"https:\/\/pruebas.ialeschool.com\/en\/"},{"@type":"ListItem","position":2,"name":"Apple Distinguished School"}]},{"@type":"WebSite","@id":"https:\/\/pruebas.ialeschool.com\/#website","url":"https:\/\/pruebas.ialeschool.com\/","name":"Iale International School","description":"Iale School","publisher":{"@id":"https:\/\/pruebas.ialeschool.com\/#organization"},"potentialAction":[{"@type":"SearchAction","target":{"@type":"EntryPoint","urlTemplate":"https:\/\/pruebas.ialeschool.com\/?s={search_term_string}"},"query-input":{"@type":"PropertyValueSpecification","valueRequired":true,"valueName":"search_term_string"}}],"inLanguage":"en-US"},{"@type":"Organization","@id":"https:\/\/pruebas.ialeschool.com\/#organization","name":"Iale International School","url":"https:\/\/pruebas.ialeschool.com\/","logo":{"@type":"ImageObject","inLanguage":"en-US","@id":"https:\/\/pruebas.ialeschool.com\/#\/schema\/logo\/image\/","url":"https:\/\/pruebas.ialeschool.com\/wp-content\/uploads\/cmyk-sin-lema-iale-international-school-trazado-01.png","contentUrl":"https:\/\/pruebas.ialeschool.com\/wp-content\/uploads\/cmyk-sin-lema-iale-international-school-trazado-01.png","width":994,"height":290,"caption":"Iale International School"},"image":{"@id":"https:\/\/pruebas.ialeschool.com\/#\/schema\/logo\/image\/"}}]}},"_links":{"self":[{"href":"https:\/\/pruebas.ialeschool.com\/en\/wp-json\/wp\/v2\/pages\/7600","targetHints":{"allow":["GET"]}}],"collection":[{"href":"https:\/\/pruebas.ialeschool.com\/en\/wp-json\/wp\/v2\/pages"}],"about":[{"href":"https:\/\/pruebas.ialeschool.com\/en\/wp-json\/wp\/v2\/types\/page"}],"author":[{"embeddable":true,"href":"https:\/\/pruebas.ialeschool.com\/en\/wp-json\/wp\/v2\/users\/1"}],"replies":[{"embeddable":true,"href":"https:\/\/pruebas.ialeschool.com\/en\/wp-json\/wp\/v2\/comments?post=7600"}],"version-history":[{"count":1,"href":"https:\/\/pruebas.ialeschool.com\/en\/wp-json\/wp\/v2\/pages\/7600\/revisions"}],"predecessor-version":[{"id":8561,"href":"https:\/\/pruebas.ialeschool.com\/en\/wp-json\/wp\/v2\/pages\/7600\/revisions\/8561"}],"wp:attachment":[{"href":"https:\/\/pruebas.ialeschool.com\/en\/wp-json\/wp\/v2\/media?parent=7600"}],"curies":[{"name":"wp","href":"https:\/\/api.w.org\/{rel}","templated":true}]}}