{"id":7863,"date":"2022-10-17T17:17:29","date_gmt":"2022-10-17T15:17:29","guid":{"rendered":"https:\/\/pruebas.ialeschool.com\/?page_id=7863"},"modified":"2022-10-26T09:45:58","modified_gmt":"2022-10-26T07:45:58","slug":"servicio-de-transporte","status":"publish","type":"page","link":"https:\/\/pruebas.ialeschool.com\/en\/servicio-de-transporte\/","title":{"rendered":"Transport"},"content":{"rendered":"\t\t<div data-elementor-type=\"wp-page\" data-elementor-id=\"7863\" class=\"elementor elementor-7863 elementor-5457\" data-elementor-post-type=\"page\">\n\t\t\t\t\t\t<section class=\"elementor-section elementor-top-section elementor-element elementor-element-6cf8255 elementor-section-boxed elementor-section-height-default elementor-section-height-default\" data-id=\"6cf8255\" data-element_type=\"section\">\n\t\t\t\t\t\t<div class=\"elementor-container elementor-column-gap-default\">\n\t\t\t\t\t<div class=\"elementor-column elementor-col-100 elementor-top-column elementor-element elementor-element-6a920304\" data-id=\"6a920304\" data-element_type=\"column\">\n\t\t\t<div class=\"elementor-widget-wrap\">\n\t\t\t\t\t\t\t<\/div>\n\t\t<\/div>\n\t\t\t\t\t<\/div>\n\t\t<\/section>\n\t\t\t\t<section class=\"elementor-section elementor-top-section elementor-element elementor-element-75620b5 elementor-section-height-min-height elementor-section-boxed elementor-section-height-default elementor-section-items-middle\" data-id=\"75620b5\" data-element_type=\"section\" data-settings=\"{&quot;background_background&quot;:&quot;classic&quot;}\">\n\t\t\t\t\t\t\t<div class=\"elementor-background-overlay\"><\/div>\n\t\t\t\t\t\t\t<div class=\"elementor-container elementor-column-gap-default\">\n\t\t\t\t\t<div class=\"elementor-column elementor-col-100 elementor-top-column elementor-element elementor-element-a2a9f99\" data-id=\"a2a9f99\" data-element_type=\"column\">\n\t\t\t<div class=\"elementor-widget-wrap elementor-element-populated\">\n\t\t\t\t\t\t<div class=\"elementor-element elementor-element-be75b6d elementor-widget elementor-widget-heading\" data-id=\"be75b6d\" data-element_type=\"widget\" data-widget_type=\"heading.default\">\n\t\t\t\t<div class=\"elementor-widget-container\">\n\t\t\t\t\t<h2 class=\"elementor-heading-title elementor-size-large\">TRANSPORT<\/h2>\t\t\t\t<\/div>\n\t\t\t\t<\/div>\n\t\t\t\t\t<\/div>\n\t\t<\/div>\n\t\t\t\t\t<\/div>\n\t\t<\/section>\n\t\t\t\t<section class=\"elementor-section elementor-top-section elementor-element elementor-element-c2dc0a9 elementor-section-boxed elementor-section-height-default elementor-section-height-default\" data-id=\"c2dc0a9\" data-element_type=\"section\">\n\t\t\t\t\t\t<div class=\"elementor-container elementor-column-gap-default\">\n\t\t\t\t\t<div class=\"elementor-column elementor-col-100 elementor-top-column elementor-element elementor-element-6133901\" data-id=\"6133901\" data-element_type=\"column\">\n\t\t\t<div class=\"elementor-widget-wrap elementor-element-populated\">\n\t\t\t\t\t\t<section class=\"elementor-section elementor-inner-section elementor-element elementor-element-d15db2e elementor-section-boxed elementor-section-height-default elementor-section-height-default\" data-id=\"d15db2e\" data-element_type=\"section\" data-settings=\"{&quot;motion_fx_motion_fx_scrolling&quot;:&quot;yes&quot;,&quot;motion_fx_translateY_effect&quot;:&quot;yes&quot;,&quot;motion_fx_translateY_speed&quot;:{&quot;unit&quot;:&quot;px&quot;,&quot;size&quot;:0,&quot;sizes&quot;:[]},&quot;motion_fx_translateY_affectedRange&quot;:{&quot;unit&quot;:&quot;%&quot;,&quot;size&quot;:&quot;&quot;,&quot;sizes&quot;:{&quot;start&quot;:&quot;0&quot;,&quot;end&quot;:&quot;50&quot;}},&quot;motion_fx_opacity_effect&quot;:&quot;yes&quot;,&quot;motion_fx_opacity_range&quot;:{&quot;unit&quot;:&quot;%&quot;,&quot;size&quot;:&quot;&quot;,&quot;sizes&quot;:{&quot;start&quot;:&quot;0&quot;,&quot;end&quot;:&quot;50&quot;}},&quot;motion_fx_devices&quot;:[&quot;desktop&quot;,&quot;tablet&quot;],&quot;motion_fx_opacity_level&quot;:{&quot;unit&quot;:&quot;px&quot;,&quot;size&quot;:1,&quot;sizes&quot;:[]},&quot;motion_fx_opacity_direction&quot;:&quot;out-in&quot;}\">\n\t\t\t\t\t\t<div class=\"elementor-container elementor-column-gap-default\">\n\t\t\t\t\t<div class=\"elementor-column elementor-col-50 elementor-inner-column elementor-element elementor-element-fbfc7e9\" data-id=\"fbfc7e9\" data-element_type=\"column\" data-settings=\"{&quot;background_background&quot;:&quot;classic&quot;}\">\n\t\t\t<div class=\"elementor-widget-wrap elementor-element-populated\">\n\t\t\t\t\t\t<div class=\"elementor-element elementor-element-3024ac3 elementor-position-top elementor-widget elementor-widget-image-box\" data-id=\"3024ac3\" data-element_type=\"widget\" data-widget_type=\"image-box.default\">\n\t\t\t\t<div class=\"elementor-widget-container\">\n\t\t\t\t\t<div class=\"elementor-image-box-wrapper\"><figure class=\"elementor-image-box-img\"><img decoding=\"async\" width=\"150\" height=\"150\" src=\"https:\/\/pruebas.ialeschool.com\/wp-content\/uploads\/diseno-sin-titulo-9-150x150.png\" class=\"attachment-thumbnail size-thumbnail wp-image-5479\" alt=\"\" srcset=\"https:\/\/pruebas.ialeschool.com\/wp-content\/uploads\/diseno-sin-titulo-9-150x150.png 150w, https:\/\/pruebas.ialeschool.com\/wp-content\/uploads\/diseno-sin-titulo-9-300x300.png 300w, https:\/\/pruebas.ialeschool.com\/wp-content\/uploads\/diseno-sin-titulo-9-1024x1024.png 1024w, https:\/\/pruebas.ialeschool.com\/wp-content\/uploads\/diseno-sin-titulo-9-768x768.png 768w, https:\/\/pruebas.ialeschool.com\/wp-content\/uploads\/elementor\/thumbs\/diseno-sin-titulo-9-pfuwp9lkoqw0qejczi5j2vk0anzjp0gt61mpc6l36g.png 60w, https:\/\/pruebas.ialeschool.com\/wp-content\/uploads\/elementor\/thumbs\/diseno-sin-titulo-9-pfuwp9lkxinb2063vabri3boi4tvfd3ycejqkgoj6o.png 80w, https:\/\/pruebas.ialeschool.com\/wp-content\/uploads\/elementor\/thumbs\/diseno-sin-titulo-9-pfuwp9ll6aeldlsur2hzxb3cplo75pr3irgrsqrz6w.png 100w, https:\/\/pruebas.ialeschool.com\/wp-content\/uploads\/elementor\/thumbs\/diseno-sin-titulo-9-pfuwp9llcv824b0wwwmo8px3v7axyh8gej5jpyck72.png 115w, https:\/\/pruebas.ialeschool.com\/wp-content\/uploads\/elementor\/thumbs\/diseno-sin-titulo-9-pfuwp9lme570zlyl5zd61dxpqxvttgytek1xy59780.png 200w, https:\/\/pruebas.ialeschool.com\/wp-content\/uploads\/diseno-sin-titulo-9.png 1080w\" sizes=\"(max-width: 150px) 100vw, 150px\" \/><\/figure><div class=\"elementor-image-box-content\"><h3 class=\"elementor-image-box-title\">10 routes<\/h3><p class=\"elementor-image-box-description\">Los alumnos desde la escuela Infantil hasta 2\u00ba Bachillerato pueden utilizar el transporte como un servicio adicional opcional ofrecido por el colegio.<br><br>En cada autob\u00fas va una profesora o profesor  del centro de forma permanente, que es el que vela por el bienestar de los alumnos durante la ruta y hace extensibles los criterios del centro al transporte escolar.\n<br><br>Se cumplen todas las normas de seguridad a las que est\u00e1 sujeto el transporte escolar: cintur\u00f3n de seguridad, sillitas homologadas para los m\u00e1s peque\u00f1os, botiqu\u00edn, sistemas antivuelco, aire acondicionado y calefacci\u00f3n.\n\n<\/p><\/div><\/div>\t\t\t\t<\/div>\n\t\t\t\t<\/div>\n\t\t\t\t\t<\/div>\n\t\t<\/div>\n\t\t\t\t<div class=\"elementor-column elementor-col-50 elementor-inner-column elementor-element elementor-element-4096c31\" data-id=\"4096c31\" data-element_type=\"column\" data-settings=\"{&quot;background_background&quot;:&quot;classic&quot;}\">\n\t\t\t<div class=\"elementor-widget-wrap elementor-element-populated\">\n\t\t\t\t\t\t<div class=\"elementor-element elementor-element-194bd4d elementor-position-top elementor-widget elementor-widget-image-box\" data-id=\"194bd4d\" data-element_type=\"widget\" data-widget_type=\"image-box.default\">\n\t\t\t\t<div class=\"elementor-widget-container\">\n\t\t\t\t\t<div class=\"elementor-image-box-wrapper\"><figure class=\"elementor-image-box-img\"><img decoding=\"async\" width=\"150\" height=\"150\" src=\"https:\/\/pruebas.ialeschool.com\/wp-content\/uploads\/diseno-sin-titulo-10-150x150.png\" class=\"attachment-thumbnail size-thumbnail wp-image-5489\" alt=\"\" srcset=\"https:\/\/pruebas.ialeschool.com\/wp-content\/uploads\/diseno-sin-titulo-10-150x150.png 150w, https:\/\/pruebas.ialeschool.com\/wp-content\/uploads\/diseno-sin-titulo-10-300x300.png 300w, https:\/\/pruebas.ialeschool.com\/wp-content\/uploads\/diseno-sin-titulo-10-1024x1024.png 1024w, https:\/\/pruebas.ialeschool.com\/wp-content\/uploads\/diseno-sin-titulo-10-768x768.png 768w, https:\/\/pruebas.ialeschool.com\/wp-content\/uploads\/diseno-sin-titulo-10.png 1080w\" sizes=\"(max-width: 150px) 100vw, 150px\" \/><\/figure><div class=\"elementor-image-box-content\"><h3 class=\"elementor-image-box-title\">Paradas<\/h3><p class=\"elementor-image-box-description\">En total existen 10 rutas  diarias que intentamos tengan las paradas en un punto lo m\u00e1s cercano posible al domicilio de nuestros alumnos.<br><br>\nLa distribuci\u00f3n de rutas y paradas se confecciona anualmente y se comunica a las familias antes del comienzo del nuevo curso escolar.<br><br>\n\nExiste la posibilidad de ampliar rutas o crear otras nuevas siempre que por tiempo y distancia cumplamos con la normativa que establece Conselleria. Estas nuevas rutas se confeccionan siempre antes de que comience un nuevo curso escolar.<\/p><\/div><\/div>\t\t\t\t<\/div>\n\t\t\t\t<\/div>\n\t\t\t\t\t<\/div>\n\t\t<\/div>\n\t\t\t\t\t<\/div>\n\t\t<\/section>\n\t\t\t\t\t<\/div>\n\t\t<\/div>\n\t\t\t\t\t<\/div>\n\t\t<\/section>\n\t\t\t\t<section class=\"elementor-section elementor-top-section elementor-element elementor-element-b5abc6d elementor-section-content-middle elementor-section-boxed elementor-section-height-default elementor-section-height-default\" data-id=\"b5abc6d\" data-element_type=\"section\" data-settings=\"{&quot;background_background&quot;:&quot;classic&quot;}\">\n\t\t\t\t\t\t<div class=\"elementor-container elementor-column-gap-default\">\n\t\t\t\t\t<div class=\"elementor-column elementor-col-50 elementor-top-column elementor-element elementor-element-767e240\" data-id=\"767e240\" data-element_type=\"column\">\n\t\t\t<div class=\"elementor-widget-wrap elementor-element-populated\">\n\t\t\t\t\t\t<div class=\"elementor-element elementor-element-6df1ab5 elementor-widget elementor-widget-heading\" data-id=\"6df1ab5\" data-element_type=\"widget\" data-widget_type=\"heading.default\">\n\t\t\t\t<div class=\"elementor-widget-container\">\n\t\t\t\t\t<h3 class=\"elementor-heading-title elementor-size-default\">Responsible and happy people with integrity, ready to develop anywhere in the world.<\/h3>\t\t\t\t<\/div>\n\t\t\t\t<\/div>\n\t\t\t\t\t<\/div>\n\t\t<\/div>\n\t\t\t\t<div class=\"elementor-column elementor-col-50 elementor-top-column elementor-element elementor-element-b6211b5\" data-id=\"b6211b5\" data-element_type=\"column\">\n\t\t\t<div class=\"elementor-widget-wrap elementor-element-populated\">\n\t\t\t\t\t\t<div class=\"elementor-element elementor-element-053d3fb elementor-align-right elementor-mobile-align-center elementor-widget elementor-widget-button\" data-id=\"053d3fb\" data-element_type=\"widget\" data-widget_type=\"button.default\">\n\t\t\t\t<div class=\"elementor-widget-container\">\n\t\t\t\t\t\t\t\t\t<div class=\"elementor-button-wrapper\">\n\t\t\t\t\t<a class=\"elementor-button elementor-button-link elementor-size-md\" href=\"https:\/\/pruebas.ialeschool.com\/#form\">\n\t\t\t\t\t\t<span class=\"elementor-button-content-wrapper\">\n\t\t\t\t\t\t<span class=\"elementor-button-icon\">\n\t\t\t\t<i aria-hidden=\"true\" class=\"fas fa-angle-double-right\"><\/i>\t\t\t<\/span>\n\t\t\t\t\t\t\t\t\t<span class=\"elementor-button-text\">Come and visit us<\/span>\n\t\t\t\t\t<\/span>\n\t\t\t\t\t<\/a>\n\t\t\t\t<\/div>\n\t\t\t\t\t\t\t\t<\/div>\n\t\t\t\t<\/div>\n\t\t\t\t\t<\/div>\n\t\t<\/div>\n\t\t\t\t\t<\/div>\n\t\t<\/section>\n\t\t\t\t<\/div>\n\t\t","protected":false},"excerpt":{"rendered":"<p>TRANSPORT 10 routes Los alumnos desde la escuela Infantil hasta 2\u00ba Bachillerato pueden utilizar el transporte como un servicio adicional opcional ofrecido por el colegio. En cada autob\u00fas va una profesora o profesor del centro de forma permanente, que es el que vela por el bienestar de los alumnos durante la ruta y hace extensibles [&hellip;]<\/p>\n","protected":false},"author":1,"featured_media":0,"parent":0,"menu_order":0,"comment_status":"closed","ping_status":"closed","template":"","meta":{"site-sidebar-layout":"no-sidebar","site-content-layout":"page-builder","ast-site-content-layout":"","site-content-style":"default","site-sidebar-style":"default","ast-global-header-display":"","ast-banner-title-visibility":"","ast-main-header-display":"","ast-hfb-above-header-display":"","ast-hfb-below-header-display":"","ast-hfb-mobile-header-display":"","site-post-title":"disabled","ast-breadcrumbs-content":"","ast-featured-img":"disabled","footer-sml-layout":"","theme-transparent-header-meta":"","adv-header-id-meta":"","stick-header-meta":"","header-above-stick-meta":"","header-main-stick-meta":"","header-below-stick-meta":"","astra-migrate-meta-layouts":"default","ast-page-background-enabled":"default","ast-page-background-meta":{"desktop":{"background-color":"","background-image":"","background-repeat":"repeat","background-position":"center center","background-size":"auto","background-attachment":"scroll","background-type":"","background-media":"","overlay-type":"","overlay-color":"","overlay-opacity":"","overlay-gradient":""},"tablet":{"background-color":"","background-image":"","background-repeat":"repeat","background-position":"center center","background-size":"auto","background-attachment":"scroll","background-type":"","background-media":"","overlay-type":"","overlay-color":"","overlay-opacity":"","overlay-gradient":""},"mobile":{"background-color":"","background-image":"","background-repeat":"repeat","background-position":"center center","background-size":"auto","background-attachment":"scroll","background-type":"","background-media":"","overlay-type":"","overlay-color":"","overlay-opacity":"","overlay-gradient":""}},"ast-content-background-meta":{"desktop":{"background-color":"var(--ast-global-color-5)","background-image":"","background-repeat":"repeat","background-position":"center center","background-size":"auto","background-attachment":"scroll","background-type":"","background-media":"","overlay-type":"","overlay-color":"","overlay-opacity":"","overlay-gradient":""},"tablet":{"background-color":"var(--ast-global-color-5)","background-image":"","background-repeat":"repeat","background-position":"center center","background-size":"auto","background-attachment":"scroll","background-type":"","background-media":"","overlay-type":"","overlay-color":"","overlay-opacity":"","overlay-gradient":""},"mobile":{"background-color":"var(--ast-global-color-5)","background-image":"","background-repeat":"repeat","background-position":"center center","background-size":"auto","background-attachment":"scroll","background-type":"","background-media":"","overlay-type":"","overlay-color":"","overlay-opacity":"","overlay-gradient":""}},"footnotes":""},"class_list":["post-7863","page","type-page","status-publish","hentry"],"yoast_head":"<!-- This site is optimized with the Yoast SEO plugin v24.1 - https:\/\/yoast.com\/wordpress\/plugins\/seo\/ -->\n<title>Transport - Iale International School<\/title>\n<meta name=\"robots\" content=\"noindex, follow, max-snippet:-1, max-image-preview:large, max-video-preview:-1\" \/>\n<meta property=\"og:locale\" content=\"en_US\" \/>\n<meta property=\"og:type\" content=\"article\" \/>\n<meta property=\"og:title\" content=\"Transport - Iale International School\" \/>\n<meta property=\"og:description\" content=\"TRANSPORT 10 routes Los alumnos desde la escuela Infantil hasta 2\u00ba Bachillerato pueden utilizar el transporte como un servicio adicional opcional ofrecido por el colegio. En cada autob\u00fas va una profesora o profesor del centro de forma permanente, que es el que vela por el bienestar de los alumnos durante la ruta y hace extensibles [&hellip;]\" \/>\n<meta property=\"og:url\" content=\"https:\/\/pruebas.ialeschool.com\/servicio-de-transporte\/\" \/>\n<meta property=\"og:site_name\" content=\"Iale International School\" \/>\n<meta property=\"article:modified_time\" content=\"2022-10-26T07:45:58+00:00\" \/>\n<meta property=\"og:image\" content=\"https:\/\/pruebas.ialeschool.com\/wp-content\/uploads\/diseno-sin-titulo-9-150x150.png\" \/>\n<meta name=\"twitter:card\" content=\"summary_large_image\" \/>\n<meta name=\"twitter:label1\" content=\"Est. reading time\" \/>\n\t<meta name=\"twitter:data1\" content=\"2 minutes\" \/>\n<script type=\"application\/ld+json\" class=\"yoast-schema-graph\">{\"@context\":\"https:\/\/schema.org\",\"@graph\":[{\"@type\":\"WebPage\",\"@id\":\"https:\/\/pruebas.ialeschool.com\/servicio-de-transporte\/\",\"url\":\"https:\/\/pruebas.ialeschool.com\/servicio-de-transporte\/\",\"name\":\"Transport - Iale International School\",\"isPartOf\":{\"@id\":\"https:\/\/pruebas.ialeschool.com\/#website\"},\"primaryImageOfPage\":{\"@id\":\"https:\/\/pruebas.ialeschool.com\/servicio-de-transporte\/#primaryimage\"},\"image\":{\"@id\":\"https:\/\/pruebas.ialeschool.com\/servicio-de-transporte\/#primaryimage\"},\"thumbnailUrl\":\"https:\/\/pruebas.ialeschool.com\/wp-content\/uploads\/diseno-sin-titulo-9-150x150.png\",\"datePublished\":\"2022-10-17T15:17:29+00:00\",\"dateModified\":\"2022-10-26T07:45:58+00:00\",\"breadcrumb\":{\"@id\":\"https:\/\/pruebas.ialeschool.com\/servicio-de-transporte\/#breadcrumb\"},\"inLanguage\":\"en-US\",\"potentialAction\":[{\"@type\":\"ReadAction\",\"target\":[\"https:\/\/pruebas.ialeschool.com\/servicio-de-transporte\/\"]}]},{\"@type\":\"ImageObject\",\"inLanguage\":\"en-US\",\"@id\":\"https:\/\/pruebas.ialeschool.com\/servicio-de-transporte\/#primaryimage\",\"url\":\"https:\/\/pruebas.ialeschool.com\/wp-content\/uploads\/diseno-sin-titulo-9-150x150.png\",\"contentUrl\":\"https:\/\/pruebas.ialeschool.com\/wp-content\/uploads\/diseno-sin-titulo-9-150x150.png\"},{\"@type\":\"BreadcrumbList\",\"@id\":\"https:\/\/pruebas.ialeschool.com\/servicio-de-transporte\/#breadcrumb\",\"itemListElement\":[{\"@type\":\"ListItem\",\"position\":1,\"name\":\"Portada\",\"item\":\"https:\/\/pruebas.ialeschool.com\/en\/\"},{\"@type\":\"ListItem\",\"position\":2,\"name\":\"Transport\"}]},{\"@type\":\"WebSite\",\"@id\":\"https:\/\/pruebas.ialeschool.com\/#website\",\"url\":\"https:\/\/pruebas.ialeschool.com\/\",\"name\":\"Iale International School\",\"description\":\"Iale School\",\"publisher\":{\"@id\":\"https:\/\/pruebas.ialeschool.com\/#organization\"},\"potentialAction\":[{\"@type\":\"SearchAction\",\"target\":{\"@type\":\"EntryPoint\",\"urlTemplate\":\"https:\/\/pruebas.ialeschool.com\/?s={search_term_string}\"},\"query-input\":{\"@type\":\"PropertyValueSpecification\",\"valueRequired\":true,\"valueName\":\"search_term_string\"}}],\"inLanguage\":\"en-US\"},{\"@type\":\"Organization\",\"@id\":\"https:\/\/pruebas.ialeschool.com\/#organization\",\"name\":\"Iale International School\",\"url\":\"https:\/\/pruebas.ialeschool.com\/\",\"logo\":{\"@type\":\"ImageObject\",\"inLanguage\":\"en-US\",\"@id\":\"https:\/\/pruebas.ialeschool.com\/#\/schema\/logo\/image\/\",\"url\":\"https:\/\/pruebas.ialeschool.com\/wp-content\/uploads\/cmyk-sin-lema-iale-international-school-trazado-01.png\",\"contentUrl\":\"https:\/\/pruebas.ialeschool.com\/wp-content\/uploads\/cmyk-sin-lema-iale-international-school-trazado-01.png\",\"width\":994,\"height\":290,\"caption\":\"Iale International School\"},\"image\":{\"@id\":\"https:\/\/pruebas.ialeschool.com\/#\/schema\/logo\/image\/\"}}]}<\/script>\n<!-- \/ Yoast SEO plugin. -->","yoast_head_json":{"title":"Transport - Iale International School","robots":{"index":"noindex","follow":"follow","max-snippet":"max-snippet:-1","max-image-preview":"max-image-preview:large","max-video-preview":"max-video-preview:-1"},"og_locale":"en_US","og_type":"article","og_title":"Transport - Iale International School","og_description":"TRANSPORT 10 routes Los alumnos desde la escuela Infantil hasta 2\u00ba Bachillerato pueden utilizar el transporte como un servicio adicional opcional ofrecido por el colegio. En cada autob\u00fas va una profesora o profesor del centro de forma permanente, que es el que vela por el bienestar de los alumnos durante la ruta y hace extensibles [&hellip;]","og_url":"https:\/\/pruebas.ialeschool.com\/servicio-de-transporte\/","og_site_name":"Iale International School","article_modified_time":"2022-10-26T07:45:58+00:00","og_image":[{"url":"https:\/\/pruebas.ialeschool.com\/wp-content\/uploads\/diseno-sin-titulo-9-150x150.png","type":"","width":"","height":""}],"twitter_card":"summary_large_image","twitter_misc":{"Est. reading time":"2 minutes"},"schema":{"@context":"https:\/\/schema.org","@graph":[{"@type":"WebPage","@id":"https:\/\/pruebas.ialeschool.com\/servicio-de-transporte\/","url":"https:\/\/pruebas.ialeschool.com\/servicio-de-transporte\/","name":"Transport - Iale International School","isPartOf":{"@id":"https:\/\/pruebas.ialeschool.com\/#website"},"primaryImageOfPage":{"@id":"https:\/\/pruebas.ialeschool.com\/servicio-de-transporte\/#primaryimage"},"image":{"@id":"https:\/\/pruebas.ialeschool.com\/servicio-de-transporte\/#primaryimage"},"thumbnailUrl":"https:\/\/pruebas.ialeschool.com\/wp-content\/uploads\/diseno-sin-titulo-9-150x150.png","datePublished":"2022-10-17T15:17:29+00:00","dateModified":"2022-10-26T07:45:58+00:00","breadcrumb":{"@id":"https:\/\/pruebas.ialeschool.com\/servicio-de-transporte\/#breadcrumb"},"inLanguage":"en-US","potentialAction":[{"@type":"ReadAction","target":["https:\/\/pruebas.ialeschool.com\/servicio-de-transporte\/"]}]},{"@type":"ImageObject","inLanguage":"en-US","@id":"https:\/\/pruebas.ialeschool.com\/servicio-de-transporte\/#primaryimage","url":"https:\/\/pruebas.ialeschool.com\/wp-content\/uploads\/diseno-sin-titulo-9-150x150.png","contentUrl":"https:\/\/pruebas.ialeschool.com\/wp-content\/uploads\/diseno-sin-titulo-9-150x150.png"},{"@type":"BreadcrumbList","@id":"https:\/\/pruebas.ialeschool.com\/servicio-de-transporte\/#breadcrumb","itemListElement":[{"@type":"ListItem","position":1,"name":"Portada","item":"https:\/\/pruebas.ialeschool.com\/en\/"},{"@type":"ListItem","position":2,"name":"Transport"}]},{"@type":"WebSite","@id":"https:\/\/pruebas.ialeschool.com\/#website","url":"https:\/\/pruebas.ialeschool.com\/","name":"Iale International School","description":"Iale School","publisher":{"@id":"https:\/\/pruebas.ialeschool.com\/#organization"},"potentialAction":[{"@type":"SearchAction","target":{"@type":"EntryPoint","urlTemplate":"https:\/\/pruebas.ialeschool.com\/?s={search_term_string}"},"query-input":{"@type":"PropertyValueSpecification","valueRequired":true,"valueName":"search_term_string"}}],"inLanguage":"en-US"},{"@type":"Organization","@id":"https:\/\/pruebas.ialeschool.com\/#organization","name":"Iale International School","url":"https:\/\/pruebas.ialeschool.com\/","logo":{"@type":"ImageObject","inLanguage":"en-US","@id":"https:\/\/pruebas.ialeschool.com\/#\/schema\/logo\/image\/","url":"https:\/\/pruebas.ialeschool.com\/wp-content\/uploads\/cmyk-sin-lema-iale-international-school-trazado-01.png","contentUrl":"https:\/\/pruebas.ialeschool.com\/wp-content\/uploads\/cmyk-sin-lema-iale-international-school-trazado-01.png","width":994,"height":290,"caption":"Iale International School"},"image":{"@id":"https:\/\/pruebas.ialeschool.com\/#\/schema\/logo\/image\/"}}]}},"_links":{"self":[{"href":"https:\/\/pruebas.ialeschool.com\/en\/wp-json\/wp\/v2\/pages\/7863","targetHints":{"allow":["GET"]}}],"collection":[{"href":"https:\/\/pruebas.ialeschool.com\/en\/wp-json\/wp\/v2\/pages"}],"about":[{"href":"https:\/\/pruebas.ialeschool.com\/en\/wp-json\/wp\/v2\/types\/page"}],"author":[{"embeddable":true,"href":"https:\/\/pruebas.ialeschool.com\/en\/wp-json\/wp\/v2\/users\/1"}],"replies":[{"embeddable":true,"href":"https:\/\/pruebas.ialeschool.com\/en\/wp-json\/wp\/v2\/comments?post=7863"}],"version-history":[{"count":1,"href":"https:\/\/pruebas.ialeschool.com\/en\/wp-json\/wp\/v2\/pages\/7863\/revisions"}],"predecessor-version":[{"id":8685,"href":"https:\/\/pruebas.ialeschool.com\/en\/wp-json\/wp\/v2\/pages\/7863\/revisions\/8685"}],"wp:attachment":[{"href":"https:\/\/pruebas.ialeschool.com\/en\/wp-json\/wp\/v2\/media?parent=7863"}],"curies":[{"name":"wp","href":"https:\/\/api.w.org\/{rel}","templated":true}]}}